{"id":7,"date":"2020-09-15T10:27:18","date_gmt":"2020-09-15T10:27:18","guid":{"rendered":"http:\/\/www.pirkanmaanlevytyo.fi\/?page_id=7"},"modified":"2024-07-12T11:41:01","modified_gmt":"2024-07-12T11:41:01","slug":"home","status":"publish","type":"page","link":"https:\/\/www.pirkanmaanlevytyo.fi\/","title":{"rendered":"Etusivu"},"content":{"rendered":"\n<div class=\"wp-block-cover alignfull has-parallax is-light\" style=\"min-height:850px;aspect-ratio:unset;\"><span aria-hidden=\"true\" class=\"wp-block-cover__background has-ast-global-color-6-background-color has-background-dim\"><\/span><div class=\"wp-block-cover__image-background wp-image-620 has-parallax\" style=\"background-position:50% 50%;background-image:url(https:\/\/www.pirkanmaanlevytyo.fi\/wp-content\/uploads\/2022\/01\/bg-section1-flipped.jpg)\"><\/div><div class=\"wp-block-cover__inner-container is-layout-flow wp-block-cover-is-layout-flow\">\n<h1 class=\"wp-block-heading has-text-align-center\"><span class=\"has-inline-color has-ast-global-color-7-color\">Vahva ote metalliin<\/span><\/h1>\n\n\n\n<h3 class=\"wp-block-heading has-text-align-center has-white-color has-text-color\">Pirkanmaalainen perheyritys vuodesta 2002<\/h3>\n<\/div><\/div>\n\n\n\n<div class=\"wp-block-cover alignfull has-parallax is-light\" style=\"min-height:224px;aspect-ratio:unset;\"><span aria-hidden=\"true\" class=\"wp-block-cover__background has-background-dim-70 has-background-dim\" style=\"background-color:#313131\"><\/span><div class=\"wp-block-cover__image-background wp-image-214 has-parallax\" style=\"background-position:50% 50%;background-image:url(https:\/\/www.pirkanmaanlevytyo.fi\/wp-content\/uploads\/2021\/10\/header-bg.jpg)\"><\/div><div class=\"wp-block-cover__inner-container is-layout-flow wp-block-cover-is-layout-flow\">\n<div class=\"wp-block-columns alignwide are-vertically-aligned-center is-layout-flex wp-container-core-columns-is-layout-28f84493 wp-block-columns-is-layout-flex\">\n<div class=\"wp-block-column is-vertically-aligned-center is-layout-flow wp-block-column-is-layout-flow\">\n<div class=\"wp-block-group is-layout-flow wp-block-group-is-layout-flow\"><div class=\"wp-block-group__inner-container\">\n<h2 class=\"wp-block-heading has-white-color has-text-color\"><strong>Tiedote yrityskaupasta 12.7.2024<\/strong><\/h2>\n\n\n\n<div class=\"wp-block-buttons is-layout-flex wp-block-buttons-is-layout-flex\">\n<div class=\"wp-block-button\"><a class=\"wp-block-button__link wp-element-button\" href=\"https:\/\/www.pirkanmaanlevytyo.fi\/?page_id=675\">Lue lis\u00e4\u00e4<\/a><\/div>\n<\/div>\n<\/div><\/div>\n<\/div>\n\n\n\n<div class=\"wp-block-column is-vertically-aligned-center is-layout-flow wp-block-column-is-layout-flow\">\n<figure class=\"wp-block-image size-medium\"><img loading=\"lazy\" decoding=\"async\" width=\"300\" height=\"97\" src=\"https:\/\/www.pirkanmaanlevytyo.fi\/wp-content\/uploads\/2024\/07\/Logo-2022-valkoinen-300x97.png\" alt=\"\" class=\"wp-image-702\" srcset=\"https:\/\/www.pirkanmaanlevytyo.fi\/wp-content\/uploads\/2024\/07\/Logo-2022-valkoinen-300x97.png 300w, https:\/\/www.pirkanmaanlevytyo.fi\/wp-content\/uploads\/2024\/07\/Logo-2022-valkoinen-1024x331.png 1024w, https:\/\/www.pirkanmaanlevytyo.fi\/wp-content\/uploads\/2024\/07\/Logo-2022-valkoinen-768x249.png 768w, https:\/\/www.pirkanmaanlevytyo.fi\/wp-content\/uploads\/2024\/07\/Logo-2022-valkoinen-1536x497.png 1536w, https:\/\/www.pirkanmaanlevytyo.fi\/wp-content\/uploads\/2024\/07\/Logo-2022-valkoinen.png 1817w\" sizes=\"auto, (max-width: 300px) 100vw, 300px\" \/><\/figure>\n<\/div>\n<\/div>\n<\/div><\/div>\n\n\n\n<div class=\"wp-block-group alignfull has-white-background-color has-background is-layout-flow wp-block-group-is-layout-flow\"><div class=\"wp-block-group__inner-container\">\n<h2 class=\"wp-block-heading has-text-align-center\" id=\"kahdenkymmenen\">Kahdenkymmenen vuoden kokemuksella<\/h2>\n\n\n\n<div style=\"height:35px\" aria-hidden=\"true\" class=\"wp-block-spacer\"><\/div>\n\n\n\n<p>Pirkanmaan Levyty\u00f6 Oy on metalliteollisuuden alihankintaan erikoistunut pitk\u00e4n linjan perheyritys. Valmistamme levy- ja hitsausrakenteita koneistettuina ja pintak\u00e4siteltyn\u00e4 asiakkaidemme monipuolisiin ja vaativiin tarpeisiin. Vankan ammattitaidon ja laajan konekantamme ansiosta pystymme toimittamaan laadukkaita kokonaisuuksia tiukassakin aikataulussa. Pystymme tarjoamaan yhdess\u00e4 toimipisteess\u00e4mme koko tuotteen valmistuskaaren leikkauksesta pintak\u00e4sittelyyn, unohtamatta kokonaisuuksien kasausta.<\/p>\n\n\n\n<p>Meille syd\u00e4nt\u00e4 l\u00e4hell\u00e4 olevia asioita ovat pitk\u00e4aikaisten asiakassuhteiden rakentaminen, olemassa olevien asiakkaiden tyytyv\u00e4isyyden takaaminen ja korkea toimitusvarmuus. Olemme ISO 3834-2, 9001 ja 14001 laatu- ja ymp\u00e4rist\u00f6j\u00e4rjestelmin sertifioitu konepajateollisuuden ammattilainen.<\/p>\n\n\n\n<div style=\"height:30px\" aria-hidden=\"true\" class=\"wp-block-spacer\"><\/div>\n\n\n\n<div class=\"wp-block-buttons is-horizontal is-content-justification-center is-layout-flex wp-container-core-buttons-is-layout-03627597 wp-block-buttons-is-layout-flex\">\n<div class=\"wp-block-button\"><a class=\"wp-block-button__link wp-element-button\" href=\"https:\/\/www.pirkanmaanlevytyo.fi\/?page_id=2\">Laatu- ja ymp\u00e4rist\u00f6politiikkamme<\/a><\/div>\n<\/div>\n<\/div><\/div>\n\n\n\n<div class=\"wp-block-cover alignfull has-parallax is-light\" style=\"min-height:900px;aspect-ratio:unset;\"><span aria-hidden=\"true\" class=\"wp-block-cover__background has-ast-global-color-6-background-color has-background-dim-70 has-background-dim\"><\/span><div class=\"wp-block-cover__image-background wp-image-206 has-parallax\" style=\"background-position:50% 50%;background-image:url(https:\/\/www.pirkanmaanlevytyo.fi\/wp-content\/uploads\/2021\/10\/bg-section5.jpg)\"><\/div><div class=\"wp-block-cover__inner-container is-layout-flow wp-block-cover-is-layout-flow\">\n<div class=\"wp-block-columns alignwide are-vertically-aligned-center is-layout-flex wp-container-core-columns-is-layout-28f84493 wp-block-columns-is-layout-flex\">\n<div class=\"wp-block-column is-vertically-aligned-center is-layout-flow wp-block-column-is-layout-flow\">\n<div class=\"wp-block-group is-layout-flow wp-block-group-is-layout-flow\"><div class=\"wp-block-group__inner-container\">\n<h2 class=\"wp-block-heading has-white-color has-text-color\">Jatkuva investointi uusiin ty\u00f6st\u00f6koneisiin ja menetelmiin takaa Pirkanmaan Levyty\u00f6 Oy:n kilpailukyvyn jatkossakin!<\/h2>\n\n\n\n<div class=\"wp-block-buttons is-layout-flex wp-block-buttons-is-layout-flex\">\n<div class=\"wp-block-button\"><a class=\"wp-block-button__link wp-element-button\" href=\"https:\/\/www.pirkanmaanlevytyo.fi\/?page_id=11\">Katso konekantamme<\/a><\/div>\n<\/div>\n<\/div><\/div>\n<\/div>\n\n\n\n<div class=\"wp-block-column is-vertically-aligned-center is-layout-flow wp-block-column-is-layout-flow\">\n<figure class=\"wp-block-image size-full\"><img loading=\"lazy\" decoding=\"async\" width=\"630\" height=\"472\" src=\"https:\/\/www.pirkanmaanlevytyo.fi\/wp-content\/uploads\/2021\/10\/dmu60.png\" alt=\"\" class=\"wp-image-236\" srcset=\"https:\/\/www.pirkanmaanlevytyo.fi\/wp-content\/uploads\/2021\/10\/dmu60.png 630w, https:\/\/www.pirkanmaanlevytyo.fi\/wp-content\/uploads\/2021\/10\/dmu60-300x225.png 300w\" sizes=\"auto, (max-width: 630px) 100vw, 630px\" \/><\/figure>\n\n\n\n<h2 class=\"wp-block-heading has-ast-global-color-7-color has-text-color\">Uusi lis\u00e4ys konekantaamme &#8211; DMG MORI DMU 60 eVo Linear<\/h2>\n<\/div>\n<\/div>\n<\/div><\/div>\n\n\n\n<div class=\"wp-block-group alignfull has-white-background-color has-background is-layout-flow wp-block-group-is-layout-flow\"><div class=\"wp-block-group__inner-container\">\n<h2 class=\"wp-block-heading has-text-align-center\">Palvelumme<\/h2>\n\n\n\n<div class=\"wp-block-columns alignwide is-layout-flex wp-container-core-columns-is-layout-28f84493 wp-block-columns-is-layout-flex\">\n<div class=\"wp-block-column is-layout-flow wp-block-column-is-layout-flow\">\n<figure class=\"wp-block-image aligncenter size-full\"><img loading=\"lazy\" decoding=\"async\" width=\"380\" height=\"520\" src=\"https:\/\/www.pirkanmaanlevytyo.fi\/wp-content\/uploads\/2022\/01\/IMG_7402.jpg\" alt=\"\" class=\"wp-image-458\" srcset=\"https:\/\/www.pirkanmaanlevytyo.fi\/wp-content\/uploads\/2022\/01\/IMG_7402.jpg 380w, https:\/\/www.pirkanmaanlevytyo.fi\/wp-content\/uploads\/2022\/01\/IMG_7402-219x300.jpg 219w\" sizes=\"auto, (max-width: 380px) 100vw, 380px\" \/><\/figure>\n\n\n\n<p><\/p>\n\n\n\n<h4 class=\"wp-block-heading has-text-align-center\">Koneistus ja ty\u00f6st\u00f6<\/h4>\n\n\n\n<p class=\"has-text-align-center\">Laajasta ja modernista konekannastamme l\u00f6yd\u00e4t oikeat ty\u00f6kalut kaikkiin koneistust\u00f6ihin.<\/p>\n<\/div>\n\n\n\n<div class=\"wp-block-column is-layout-flow wp-block-column-is-layout-flow\">\n<figure class=\"wp-block-image aligncenter size-full\"><img loading=\"lazy\" decoding=\"async\" width=\"380\" height=\"518\" src=\"https:\/\/www.pirkanmaanlevytyo.fi\/wp-content\/uploads\/2022\/01\/IMG_7575.jpg\" alt=\"\" class=\"wp-image-461\" srcset=\"https:\/\/www.pirkanmaanlevytyo.fi\/wp-content\/uploads\/2022\/01\/IMG_7575.jpg 380w, https:\/\/www.pirkanmaanlevytyo.fi\/wp-content\/uploads\/2022\/01\/IMG_7575-220x300.jpg 220w\" sizes=\"auto, (max-width: 380px) 100vw, 380px\" \/><\/figure>\n\n\n\n<p><\/p>\n\n\n\n<h4 class=\"wp-block-heading has-text-align-center\">Hitsaus, leikkaus ja mankelointi<\/h4>\n\n\n\n<p class=\"has-text-align-center\">Valmistamme alihankintana vaativia hitsaust\u00f6it\u00e4 ISO 3834-2 standardin mukaan.<\/p>\n<\/div>\n\n\n\n<div class=\"wp-block-column is-layout-flow wp-block-column-is-layout-flow\">\n<figure class=\"wp-block-image aligncenter size-full\"><img loading=\"lazy\" decoding=\"async\" width=\"380\" height=\"519\" src=\"https:\/\/www.pirkanmaanlevytyo.fi\/wp-content\/uploads\/2022\/01\/maalaamo-8-8.jpg\" alt=\"\" class=\"wp-image-501\" srcset=\"https:\/\/www.pirkanmaanlevytyo.fi\/wp-content\/uploads\/2022\/01\/maalaamo-8-8.jpg 380w, https:\/\/www.pirkanmaanlevytyo.fi\/wp-content\/uploads\/2022\/01\/maalaamo-8-8-220x300.jpg 220w\" sizes=\"auto, (max-width: 380px) 100vw, 380px\" \/><\/figure>\n\n\n\n<p><\/p>\n\n\n\n<h4 class=\"wp-block-heading has-text-align-center\">Pintak\u00e4sittely<\/h4>\n\n\n\n<p class=\"has-text-align-center\">Pintak\u00e4sittelemme kaikki tuotteet toimipisteess\u00e4mme &#8211; yhden katon alla.<\/p>\n<\/div>\n<\/div>\n<\/div><\/div>\n\n\n\n<div class=\"wp-block-group alignfull has-ast-global-color-7-background-color has-background is-layout-flow wp-block-group-is-layout-flow\"><div class=\"wp-block-group__inner-container\">\n<div class=\"wp-block-columns alignfull are-vertically-aligned-center is-layout-flex wp-container-core-columns-is-layout-28f84493 wp-block-columns-is-layout-flex\">\n<div class=\"wp-block-column is-vertically-aligned-center is-layout-flow wp-block-column-is-layout-flow\" style=\"flex-basis:66.66%\">\n<h3 class=\"wp-block-heading has-text-align-left\">Pyyd\u00e4 tarjous asiantuntijoiltamme!<\/h3>\n<\/div>\n\n\n\n<div class=\"wp-block-column is-vertically-aligned-center is-layout-flow wp-block-column-is-layout-flow\" style=\"flex-basis:33.33%\">\n<div class=\"wp-block-buttons is-horizontal is-content-justification-center is-layout-flex wp-container-core-buttons-is-layout-03627597 wp-block-buttons-is-layout-flex\">\n<div class=\"wp-block-button\"><a class=\"wp-block-button__link wp-element-button\" href=\"https:\/\/www.pirkanmaanlevytyo.fi\/?page_id=12\">Ota yhteytt\u00e4!<\/a><\/div>\n<\/div>\n<\/div>\n<\/div>\n<\/div><\/div>\n\n\n\n<p><\/p>\n","protected":false},"excerpt":{"rendered":"<p>Kahdenkymmenen vuoden kokemuksella Pirkanmaan Levyty\u00f6 Oy on metalliteollisuuden alihankintaan erikoistunut pitk\u00e4n linjan perheyritys. Valmistamme levy- ja hitsausrakenteita koneistettuina ja pintak\u00e4siteltyn\u00e4 asiakkaidemme monipuolisiin ja vaativiin tarpeisiin. Vankan ammattitaidon ja laajan konekantamme ansiosta pystymme toimittamaan laadukkaita kokonaisuuksia tiukassakin aikataulussa. Pystymme tarjoamaan yhdess\u00e4 toimipisteess\u00e4mme koko tuotteen valmistuskaaren leikkauksesta pintak\u00e4sittelyyn, unohtamatta kokonaisuuksien kasausta. Meille syd\u00e4nt\u00e4 l\u00e4hell\u00e4 olevia asioita ovat [&hellip;]<\/p>\n","protected":false},"author":1,"featured_media":0,"parent":0,"menu_order":0,"comment_status":"closed","ping_status":"closed","template":"","meta":{"site-sidebar-layout":"","site-content-layout":"","ast-site-content-layout":"default","site-content-style":"default","site-sidebar-style":"default","ast-global-header-display":"","ast-banner-title-visibility":"","ast-main-header-display":"","ast-hfb-above-header-display":"","ast-hfb-below-header-display":"","ast-hfb-mobile-header-display":"","site-post-title":"disabled","ast-breadcrumbs-content":"","ast-featured-img":"disabled","footer-sml-layout":"","ast-disable-related-posts":"","theme-transparent-header-meta":"enabled","adv-header-id-meta":"","stick-header-meta":"","header-above-stick-meta":"","header-main-stick-meta":"","header-below-stick-meta":"","astra-migrate-meta-layouts":"set","ast-page-background-enabled":"default","ast-page-background-meta":{"desktop":{"background-color":"","background-image":"","background-repeat":"repeat","background-position":"center center","background-size":"auto","background-attachment":"scroll","background-type":"","background-media":"","overlay-type":"","overlay-color":"","overlay-opacity":"","overlay-gradient":""},"tablet":{"background-color":"","background-image":"","background-repeat":"repeat","background-position":"center center","background-size":"auto","background-attachment":"scroll","background-type":"","background-media":"","overlay-type":"","overlay-color":"","overlay-opacity":"","overlay-gradient":""},"mobile":{"background-color":"","background-image":"","background-repeat":"repeat","background-position":"center center","background-size":"auto","background-attachment":"scroll","background-type":"","background-media":"","overlay-type":"","overlay-color":"","overlay-opacity":"","overlay-gradient":""}},"ast-content-background-meta":{"desktop":{"background-color":"var(--ast-global-color-5)","background-image":"","background-repeat":"repeat","background-position":"center center","background-size":"auto","background-attachment":"scroll","background-type":"","background-media":"","overlay-type":"","overlay-color":"","overlay-opacity":"","overlay-gradient":""},"tablet":{"background-color":"var(--ast-global-color-5)","background-image":"","background-repeat":"repeat","background-position":"center center","background-size":"auto","background-attachment":"scroll","background-type":"","background-media":"","overlay-type":"","overlay-color":"","overlay-opacity":"","overlay-gradient":""},"mobile":{"background-color":"var(--ast-global-color-5)","background-image":"","background-repeat":"repeat","background-position":"center center","background-size":"auto","background-attachment":"scroll","background-type":"","background-media":"","overlay-type":"","overlay-color":"","overlay-opacity":"","overlay-gradient":""}},"footnotes":""},"class_list":["post-7","page","type-page","status-publish","hentry"],"_links":{"self":[{"href":"https:\/\/www.pirkanmaanlevytyo.fi\/index.php?rest_route=\/wp\/v2\/pages\/7","targetHints":{"allow":["GET"]}}],"collection":[{"href":"https:\/\/www.pirkanmaanlevytyo.fi\/index.php?rest_route=\/wp\/v2\/pages"}],"about":[{"href":"https:\/\/www.pirkanmaanlevytyo.fi\/index.php?rest_route=\/wp\/v2\/types\/page"}],"author":[{"embeddable":true,"href":"https:\/\/www.pirkanmaanlevytyo.fi\/index.php?rest_route=\/wp\/v2\/users\/1"}],"replies":[{"embeddable":true,"href":"https:\/\/www.pirkanmaanlevytyo.fi\/index.php?rest_route=%2Fwp%2Fv2%2Fcomments&post=7"}],"version-history":[{"count":31,"href":"https:\/\/www.pirkanmaanlevytyo.fi\/index.php?rest_route=\/wp\/v2\/pages\/7\/revisions"}],"predecessor-version":[{"id":705,"href":"https:\/\/www.pirkanmaanlevytyo.fi\/index.php?rest_route=\/wp\/v2\/pages\/7\/revisions\/705"}],"wp:attachment":[{"href":"https:\/\/www.pirkanmaanlevytyo.fi\/index.php?rest_route=%2Fwp%2Fv2%2Fmedia&parent=7"}],"curies":[{"name":"wp","href":"https:\/\/api.w.org\/{rel}","templated":true}]}}