{"id":492,"date":"2022-01-02T21:49:36","date_gmt":"2022-01-02T21:49:36","guid":{"rendered":"http:\/\/www.pirkanmaanlevytyo.fi\/?page_id=492"},"modified":"2022-01-16T19:09:40","modified_gmt":"2022-01-16T19:09:40","slug":"laatulupaus-2","status":"publish","type":"page","link":"https:\/\/www.pirkanmaanlevytyo.fi\/?page_id=492","title":{"rendered":"Rekry"},"content":{"rendered":"\n<div class=\"wp-block-cover alignfull has-ast-global-color-6-background-color has-background-dim has-parallax\" style=\"background-image:url(https:\/\/www.pirkanmaanlevytyo.fi\/wp-content\/uploads\/2021\/10\/IMG_7501x1200.jpg);min-height:535px;aspect-ratio:unset;\"><div class=\"wp-block-cover__inner-container is-layout-flow wp-block-cover-is-layout-flow\">\n<h1 class=\"has-text-align-center has-white-color has-text-color wp-block-heading\">Rekry<\/h1>\n<\/div><\/div>\n\n\n\n<div class=\"wp-block-group is-layout-flow wp-block-group-is-layout-flow\"><div class=\"wp-block-group__inner-container\">\n<div class=\"wp-block-columns is-layout-flex wp-container-core-columns-is-layout-28f84493 wp-block-columns-is-layout-flex\">\n<div class=\"wp-block-column is-layout-flow wp-block-column-is-layout-flow\">\n<div class=\"wp-block-buttons is-layout-flex wp-block-buttons-is-layout-flex\"><\/div>\n<\/div>\n<\/div>\n<\/div><\/div>\n\n\n\n<div style=\"height:35px\" aria-hidden=\"true\" class=\"wp-block-spacer\"><\/div>\n\n\n\n<div class=\"wp-block-group is-layout-flow wp-block-group-is-layout-flow\"><div class=\"wp-block-group__inner-container\">\n<div class=\"wp-block-columns is-layout-flex wp-container-core-columns-is-layout-28f84493 wp-block-columns-is-layout-flex\">\n<div class=\"wp-block-column is-layout-flow wp-block-column-is-layout-flow\" style=\"flex-basis:40%\">\n<h2 class=\"has-text-align-center wp-block-heading\">Tulevaisuuden tekij\u00e4 tai jo kokenut ammattilainen<br>&#8211; hae meille!<\/h2>\n\n\n\n<figure class=\"wp-block-image size-large\"><img loading=\"lazy\" decoding=\"async\" width=\"1024\" height=\"452\" src=\"https:\/\/www.pirkanmaanlevytyo.fi\/wp-content\/uploads\/2022\/01\/bg-section2-1024x452.jpg\" alt=\"\" class=\"wp-image-595\" srcset=\"https:\/\/www.pirkanmaanlevytyo.fi\/wp-content\/uploads\/2022\/01\/bg-section2-1024x452.jpg 1024w, https:\/\/www.pirkanmaanlevytyo.fi\/wp-content\/uploads\/2022\/01\/bg-section2-300x132.jpg 300w, https:\/\/www.pirkanmaanlevytyo.fi\/wp-content\/uploads\/2022\/01\/bg-section2-768x339.jpg 768w, https:\/\/www.pirkanmaanlevytyo.fi\/wp-content\/uploads\/2022\/01\/bg-section2-1536x678.jpg 1536w, https:\/\/www.pirkanmaanlevytyo.fi\/wp-content\/uploads\/2022\/01\/bg-section2.jpg 1601w\" sizes=\"auto, (max-width: 1024px) 100vw, 1024px\" \/><\/figure>\n<\/div>\n\n\n\n<div class=\"wp-block-column is-layout-flow wp-block-column-is-layout-flow\">\n<p>Haemme jatkuvasti uusia ammattilaisia liittym\u00e4\u00e4n joukkoomme. T\u00e4ll\u00e4 hetkell\u00e4 haemme kasvavaan joukkoomme:<br>&#8211; <strong>Koneistajia<\/strong><br>&#8211; <strong>Hitsaajia<\/strong><br><br>Pirkanmaan Levyty\u00f6 Oy tarjoaa mukavan ty\u00f6ymp\u00e4rist\u00f6n nuorekkaassa ilmapiiriss\u00e4. Meill\u00e4 ei hattukulmaa tunneta, olemme kaikki hallin puolella v\u00e4lill\u00e4 ja kaikissa rooleissa.<br><br>Hae meille ja tule tekem\u00e4\u00e4n Suomen konepajateollisuutta kuuluisaksi maailmalla!<\/p>\n\n\n\n<div class=\"wp-block-buttons is-layout-flex wp-block-buttons-is-layout-flex\">\n<div class=\"wp-block-button\"><a class=\"wp-block-button__link\" href=\"mailto:rekry(\u00e4t)pirkanmaanlevytyo.fi\">rekry(a)pirkanmaanlevytyo.fi<\/a><\/div>\n<\/div>\n<\/div>\n<\/div>\n<\/div><\/div>\n","protected":false},"excerpt":{"rendered":"<p>Tulevaisuuden tekij\u00e4 tai jo kokenut ammattilainen&#8211; hae meille! Haemme jatkuvasti uusia ammattilaisia liittym\u00e4\u00e4n joukkoomme. T\u00e4ll\u00e4 hetkell\u00e4 haemme kasvavaan joukkoomme:&#8211; Koneistajia&#8211; Hitsaajia Pirkanmaan Levyty\u00f6 Oy tarjoaa mukavan ty\u00f6ymp\u00e4rist\u00f6n nuorekkaassa ilmapiiriss\u00e4. Meill\u00e4 ei hattukulmaa tunneta, olemme kaikki hallin puolella v\u00e4lill\u00e4 ja kaikissa rooleissa. Hae meille ja tule tekem\u00e4\u00e4n Suomen konepajateollisuutta kuuluisaksi maailmalla!<\/p>\n","protected":false},"author":1,"featured_media":0,"parent":0,"menu_order":0,"comment_status":"closed","ping_status":"closed","template":"","meta":{"site-sidebar-layout":"no-sidebar","site-content-layout":"plain-container","ast-site-content-layout":"default","site-content-style":"default","site-sidebar-style":"default","ast-global-header-display":"","ast-banner-title-visibility":"","ast-main-header-display":"","ast-hfb-above-header-display":"","ast-hfb-below-header-display":"","ast-hfb-mobile-header-display":"","site-post-title":"disabled","ast-breadcrumbs-content":"","ast-featured-img":"disabled","footer-sml-layout":"","ast-disable-related-posts":"","theme-transparent-header-meta":"enabled","adv-header-id-meta":"","stick-header-meta":"","header-above-stick-meta":"","header-main-stick-meta":"","header-below-stick-meta":"","astra-migrate-meta-layouts":"default","ast-page-background-enabled":"default","ast-page-background-meta":{"desktop":{"background-color":"","background-image":"","background-repeat":"repeat","background-position":"center center","background-size":"auto","background-attachment":"scroll","background-type":"","background-media":"","overlay-type":"","overlay-color":"","overlay-opacity":"","overlay-gradient":""},"tablet":{"background-color":"","background-image":"","background-repeat":"repeat","background-position":"center center","background-size":"auto","background-attachment":"scroll","background-type":"","background-media":"","overlay-type":"","overlay-color":"","overlay-opacity":"","overlay-gradient":""},"mobile":{"background-color":"","background-image":"","background-repeat":"repeat","background-position":"center center","background-size":"auto","background-attachment":"scroll","background-type":"","background-media":"","overlay-type":"","overlay-color":"","overlay-opacity":"","overlay-gradient":""}},"ast-content-background-meta":{"desktop":{"background-color":"var(--ast-global-color-5)","background-image":"","background-repeat":"repeat","background-position":"center center","background-size":"auto","background-attachment":"scroll","background-type":"","background-media":"","overlay-type":"","overlay-color":"","overlay-opacity":"","overlay-gradient":""},"tablet":{"background-color":"var(--ast-global-color-5)","background-image":"","background-repeat":"repeat","background-position":"center center","background-size":"auto","background-attachment":"scroll","background-type":"","background-media":"","overlay-type":"","overlay-color":"","overlay-opacity":"","overlay-gradient":""},"mobile":{"background-color":"var(--ast-global-color-5)","background-image":"","background-repeat":"repeat","background-position":"center center","background-size":"auto","background-attachment":"scroll","background-type":"","background-media":"","overlay-type":"","overlay-color":"","overlay-opacity":"","overlay-gradient":""}},"footnotes":""},"class_list":["post-492","page","type-page","status-publish","hentry"],"_links":{"self":[{"href":"https:\/\/www.pirkanmaanlevytyo.fi\/index.php?rest_route=\/wp\/v2\/pages\/492","targetHints":{"allow":["GET"]}}],"collection":[{"href":"https:\/\/www.pirkanmaanlevytyo.fi\/index.php?rest_route=\/wp\/v2\/pages"}],"about":[{"href":"https:\/\/www.pirkanmaanlevytyo.fi\/index.php?rest_route=\/wp\/v2\/types\/page"}],"author":[{"embeddable":true,"href":"https:\/\/www.pirkanmaanlevytyo.fi\/index.php?rest_route=\/wp\/v2\/users\/1"}],"replies":[{"embeddable":true,"href":"https:\/\/www.pirkanmaanlevytyo.fi\/index.php?rest_route=%2Fwp%2Fv2%2Fcomments&post=492"}],"version-history":[{"count":4,"href":"https:\/\/www.pirkanmaanlevytyo.fi\/index.php?rest_route=\/wp\/v2\/pages\/492\/revisions"}],"predecessor-version":[{"id":599,"href":"https:\/\/www.pirkanmaanlevytyo.fi\/index.php?rest_route=\/wp\/v2\/pages\/492\/revisions\/599"}],"wp:attachment":[{"href":"https:\/\/www.pirkanmaanlevytyo.fi\/index.php?rest_route=%2Fwp%2Fv2%2Fmedia&parent=492"}],"curies":[{"name":"wp","href":"https:\/\/api.w.org\/{rel}","templated":true}]}}