{"id":12,"date":"2020-09-15T10:28:33","date_gmt":"2020-09-15T10:28:33","guid":{"rendered":"http:\/\/www.pirkanmaanlevytyo.fi\/?page_id=12"},"modified":"2025-10-08T09:52:38","modified_gmt":"2025-10-08T09:52:38","slug":"yhteystiedot","status":"publish","type":"page","link":"https:\/\/www.pirkanmaanlevytyo.fi\/?page_id=12","title":{"rendered":"Yhteystiedot"},"content":{"rendered":"\n<div class=\"wp-block-cover alignfull is-light has-parallax\" style=\"min-height:535px;aspect-ratio:unset;\"><div class=\"wp-block-cover__image-background wp-image-620 has-parallax\" style=\"background-position:50% 50%;background-image:url(https:\/\/www.pirkanmaanlevytyo.fi\/wp-content\/uploads\/2022\/01\/bg-section1-flipped.jpg)\"><\/div><span aria-hidden=\"true\" class=\"wp-block-cover__background has-ast-global-color-6-background-color has-background-dim\"><\/span><div class=\"wp-block-cover__inner-container is-layout-flow wp-block-cover-is-layout-flow\">\n<h1 class=\"wp-block-heading has-text-align-center has-white-color has-text-color\">Yhteystiedot<\/h1>\n<\/div><\/div>\n\n\n\n<div class=\"wp-block-group alignfull has-background is-layout-flow wp-block-group-is-layout-flow\" style=\"background-color:#f3f3f3\"><div class=\"wp-block-group__inner-container\">\n<div class=\"wp-block-columns alignwide are-vertically-aligned-center is-layout-flex wp-container-core-columns-is-layout-28f84493 wp-block-columns-is-layout-flex\">\n<div class=\"wp-block-column is-vertically-aligned-center is-layout-flow wp-block-column-is-layout-flow\" style=\"flex-basis:30%\">\n<h2 class=\"wp-block-heading\">Ota Yhteytt\u00e4<\/h2>\n\n\n\n<p>Pirkanmaan Levyty\u00f6 Oy<br>Polunm\u00e4enkatu 37<br>33720 Tampere<br>Puh. <a href=\"tel:+358207529960\" data-type=\"tel\" data-id=\"tel:+358207529960\">044 722 <\/a><a href=\"tel:\/\/0447227760\" data-type=\"tel\" data-id=\"tel:\/\/0447227760\">7760<\/a><br>Email <a href=\"mailto:info(a)pirkanmaanlevytyo.fi\" data-type=\"mailto\" data-id=\"mailto:info(a)pirkanmaanlevytyo.fi\">info(a)pirkanmaanlevytyo.fi<\/a><br>S\u00e4hk\u00f6postiosoitteemme ovat muotoa etunimi.sukunimi@pirkanmaanlevytyo.fi<\/p>\n<\/div>\n\n\n\n<div class=\"wp-block-column is-vertically-aligned-center is-layout-flow wp-block-column-is-layout-flow\" style=\"flex-basis:70%\">\n<div class=\"wp-block-columns alignwide are-vertically-aligned-top is-layout-flex wp-container-core-columns-is-layout-28f84493 wp-block-columns-is-layout-flex\">\n<div class=\"wp-block-column is-vertically-aligned-top is-layout-flow wp-block-column-is-layout-flow\">\n<div class=\"wp-block-group alignfull has-background is-layout-flow wp-block-group-is-layout-flow\" style=\"background-color:#ffffff\"><div class=\"wp-block-group__inner-container\">\n<h5 class=\"wp-block-heading has-text-align-center\">Tilaukset, tuotanto ja tarjouspyynn\u00f6t<\/h5>\n\n\n\n<p class=\"has-text-align-center\"><strong>Sami Ikonen, koneistus<br><\/strong><a href=\"tel:\/\/0400487108\" data-type=\"tel\" data-id=\"tel:\/\/0400487108\">0400 487 108<\/a><br><strong>Marko T\u00f6rm\u00e4, hitsaus<br><\/strong><a href=\"tel:\/\/0504787476\" data-type=\"tel\" data-id=\"tel:\/\/0504787476\">050 478 7476<\/a><br><\/p>\n<\/div><\/div>\n<\/div>\n\n\n\n<div class=\"wp-block-column is-vertically-aligned-top is-layout-flow wp-block-column-is-layout-flow\">\n<div class=\"wp-block-group alignfull has-background is-layout-flow wp-block-group-is-layout-flow\" style=\"background-color:#ffffff\"><div class=\"wp-block-group__inner-container\">\n<h5 class=\"wp-block-heading has-text-align-center\">Hallinto<\/h5>\n\n\n\n<p class=\"has-text-align-center\"><strong>Ville Ahonen, toimitusjohtaja<br><\/strong><a href=\"tel:\/\/0408694357\" data-type=\"tel\" data-id=\"tel:\/\/0408694357\">040 869 4357<\/a><\/p>\n\n\n\n<p class=\"has-text-align-center\"><br><\/p>\n<\/div><\/div>\n<\/div>\n<\/div>\n\n\n\n<div class=\"wp-block-columns alignwide are-vertically-aligned-top is-layout-flex wp-container-core-columns-is-layout-28f84493 wp-block-columns-is-layout-flex\">\n<div class=\"wp-block-column is-vertically-aligned-top is-layout-flow wp-block-column-is-layout-flow\">\n<div class=\"wp-block-group alignfull has-background is-layout-flow wp-block-group-is-layout-flow\" style=\"background-color:#ffffff\"><div class=\"wp-block-group__inner-container\">\n<h5 class=\"wp-block-heading has-text-align-center\">Myynti<\/h5>\n\n\n\n<p class=\"has-text-align-center\"><strong>Teemu Sammalniemi<\/strong><br><a href=\"tel:\/\/0456300919\" data-type=\"tel\" data-id=\"tel:\/\/0456300919\">045 630 0919<\/a><br><\/p>\n<\/div><\/div>\n<\/div>\n\n\n\n<div class=\"wp-block-column is-vertically-aligned-top is-layout-flow wp-block-column-is-layout-flow\">\n<div class=\"wp-block-group alignfull has-background is-layout-flow wp-block-group-is-layout-flow\" style=\"background-color:#ffffff\"><div class=\"wp-block-group__inner-container\">\n<h5 class=\"wp-block-heading has-text-align-center\">Talous ja HR<\/h5>\n\n\n\n<p class=\"has-text-align-center\"><strong>Katja Tanni, toimistoassistentti<\/strong><br><a href=\"tel:\/\/0447227760\" data-type=\"tel\" data-id=\"tel:\/\/0447227760\">044 722 7760<\/a><br><\/p>\n<\/div><\/div>\n<\/div>\n<\/div>\n<\/div>\n<\/div>\n<\/div><\/div>\n\n\n\n<div style=\"height:35px\" aria-hidden=\"true\" class=\"wp-block-spacer\"><\/div>\n\n\n\n<h2 class=\"wp-block-heading\">Sijainti<\/h2>\n\n\n\n<p><iframe src=\"https:\/\/www.google.com\/maps\/embed?pb=!1m18!1m12!1m3!1d1906.8601180033083!2d23.891920916257074!3d61.44960374627641!2m3!1f0!2f0!3f0!3m2!1i1024!2i768!4f13.1!3m3!1m2!1s0x468edfdc9e880fa1%3A0x19e45f68a79478c9!2sPirkanmaan%20Levyty%C3%B6%20Oy!5e0!3m2!1sen!2sfi!4v1639479910433!5m2!1sen!2sfi\" width=\"600\" height=\"450\" style=\"border:0;\" allowfullscreen=\"\" loading=\"lazy\"><\/iframe><\/p>\n\n\n\n<div style=\"height:35px\" aria-hidden=\"true\" class=\"wp-block-spacer\"><\/div>\n","protected":false},"excerpt":{"rendered":"<p>Ota Yhteytt\u00e4 Pirkanmaan Levyty\u00f6 OyPolunm\u00e4enkatu 3733720 TamperePuh. 044 722 7760Email info(a)pirkanmaanlevytyo.fiS\u00e4hk\u00f6postiosoitteemme ovat muotoa etunimi.sukunimi@pirkanmaanlevytyo.fi Tilaukset, tuotanto ja tarjouspyynn\u00f6t Sami Ikonen, koneistus0400 487 108Marko T\u00f6rm\u00e4, hitsaus050 478 7476 Hallinto Ville Ahonen, toimitusjohtaja040 869 4357 Myynti Teemu Sammalniemi045 630 0919 Talous ja HR Katja Tanni, toimistoassistentti044 722 7760 Sijainti<\/p>\n","protected":false},"author":1,"featured_media":0,"parent":0,"menu_order":0,"comment_status":"closed","ping_status":"closed","template":"","meta":{"site-sidebar-layout":"no-sidebar","site-content-layout":"plain-container","ast-site-content-layout":"normal-width-container","site-content-style":"unboxed","site-sidebar-style":"unboxed","ast-global-header-display":"","ast-banner-title-visibility":"","ast-main-header-display":"","ast-hfb-above-header-display":"","ast-hfb-below-header-display":"","ast-hfb-mobile-header-display":"","site-post-title":"disabled","ast-breadcrumbs-content":"","ast-featured-img":"disabled","footer-sml-layout":"","ast-disable-related-posts":"","theme-transparent-header-meta":"enabled","adv-header-id-meta":"","stick-header-meta":"","header-above-stick-meta":"","header-main-stick-meta":"","header-below-stick-meta":"","astra-migrate-meta-layouts":"set","ast-page-background-enabled":"default","ast-page-background-meta":{"desktop":{"background-color":"","background-image":"","background-repeat":"repeat","background-position":"center center","background-size":"auto","background-attachment":"scroll","background-type":"","background-media":"","overlay-type":"","overlay-color":"","overlay-opacity":"","overlay-gradient":""},"tablet":{"background-color":"","background-image":"","background-repeat":"repeat","background-position":"center center","background-size":"auto","background-attachment":"scroll","background-type":"","background-media":"","overlay-type":"","overlay-color":"","overlay-opacity":"","overlay-gradient":""},"mobile":{"background-color":"","background-image":"","background-repeat":"repeat","background-position":"center center","background-size":"auto","background-attachment":"scroll","background-type":"","background-media":"","overlay-type":"","overlay-color":"","overlay-opacity":"","overlay-gradient":""}},"ast-content-background-meta":{"desktop":{"background-color":"var(--ast-global-color-5)","background-image":"","background-repeat":"repeat","background-position":"center center","background-size":"auto","background-attachment":"scroll","background-type":"","background-media":"","overlay-type":"","overlay-color":"","overlay-opacity":"","overlay-gradient":""},"tablet":{"background-color":"var(--ast-global-color-5)","background-image":"","background-repeat":"repeat","background-position":"center center","background-size":"auto","background-attachment":"scroll","background-type":"","background-media":"","overlay-type":"","overlay-color":"","overlay-opacity":"","overlay-gradient":""},"mobile":{"background-color":"var(--ast-global-color-5)","background-image":"","background-repeat":"repeat","background-position":"center center","background-size":"auto","background-attachment":"scroll","background-type":"","background-media":"","overlay-type":"","overlay-color":"","overlay-opacity":"","overlay-gradient":""}},"footnotes":""},"class_list":["post-12","page","type-page","status-publish","hentry"],"_links":{"self":[{"href":"https:\/\/www.pirkanmaanlevytyo.fi\/index.php?rest_route=\/wp\/v2\/pages\/12","targetHints":{"allow":["GET"]}}],"collection":[{"href":"https:\/\/www.pirkanmaanlevytyo.fi\/index.php?rest_route=\/wp\/v2\/pages"}],"about":[{"href":"https:\/\/www.pirkanmaanlevytyo.fi\/index.php?rest_route=\/wp\/v2\/types\/page"}],"author":[{"embeddable":true,"href":"https:\/\/www.pirkanmaanlevytyo.fi\/index.php?rest_route=\/wp\/v2\/users\/1"}],"replies":[{"embeddable":true,"href":"https:\/\/www.pirkanmaanlevytyo.fi\/index.php?rest_route=%2Fwp%2Fv2%2Fcomments&post=12"}],"version-history":[{"count":31,"href":"https:\/\/www.pirkanmaanlevytyo.fi\/index.php?rest_route=\/wp\/v2\/pages\/12\/revisions"}],"predecessor-version":[{"id":738,"href":"https:\/\/www.pirkanmaanlevytyo.fi\/index.php?rest_route=\/wp\/v2\/pages\/12\/revisions\/738"}],"wp:attachment":[{"href":"https:\/\/www.pirkanmaanlevytyo.fi\/index.php?rest_route=%2Fwp%2Fv2%2Fmedia&parent=12"}],"curies":[{"name":"wp","href":"https:\/\/api.w.org\/{rel}","templated":true}]}}