{"id":11,"date":"2020-09-15T10:28:24","date_gmt":"2020-09-15T10:28:24","guid":{"rendered":"http:\/\/www.pirkanmaanlevytyo.fi\/?page_id=11"},"modified":"2022-04-20T04:46:22","modified_gmt":"2022-04-20T04:46:22","slug":"konekanta","status":"publish","type":"page","link":"https:\/\/www.pirkanmaanlevytyo.fi\/?page_id=11","title":{"rendered":"Konekanta"},"content":{"rendered":"\n<div class=\"wp-block-cover alignfull is-light has-parallax\" style=\"background-image:url(https:\/\/www.pirkanmaanlevytyo.fi\/wp-content\/uploads\/2022\/01\/bg-section1-flipped.jpg);min-height:535px;aspect-ratio:unset;\"><span aria-hidden=\"true\" class=\"has-ast-global-color-6-background-color wp-block-cover__gradient-background has-background-dim\"><\/span><div class=\"wp-block-cover__inner-container is-layout-flow wp-block-cover-is-layout-flow\">\n<h1 class=\"has-text-align-center has-white-color has-text-color wp-block-heading\">Konekanta<\/h1>\n<\/div><\/div>\n\n\n\n<div class=\"wp-block-group is-layout-flow wp-block-group-is-layout-flow\"><div class=\"wp-block-group__inner-container\">\n<h4 class=\"wp-block-heading\">Vaativiin alihankintat\u00f6ihin<\/h4>\n\n\n\n<div class=\"wp-block-columns is-layout-flex wp-container-core-columns-is-layout-28f84493 wp-block-columns-is-layout-flex\">\n<div class=\"wp-block-column is-layout-flow wp-block-column-is-layout-flow\" style=\"flex-basis:40%\">\n<h2 class=\"wp-block-heading\">Moderni konekanta<\/h2>\n<\/div>\n\n\n\n<div class=\"wp-block-column is-layout-flow wp-block-column-is-layout-flow\">\n<p>Olemme panostaneet jatkuvasti konekantaamme, toimintamme alusta pit\u00e4en. Modernit CNC-ohjatut ja huolellisesti valittujen yhteisty\u00f6kumppaneidemme huoltamat koneemme pystyv\u00e4t valmistamaan vaaditut alihankintaty\u00f6t aina l\u00e4\u00e4ketieteelliseen tuotantoty\u00f6h\u00f6n saakka.<br><br><strong>Koneistukseen <\/strong>meilt\u00e4 l\u00f6ytyy CNC-ohjattuja sorveja robotiikalla, 5-akselijyrsin, aarpora sek\u00e4 tusina muuta tuotantov\u00e4linett\u00e4. <br><br><strong>Levyjen k\u00e4sittelyyn ja hitsaukseen<\/strong> v\u00e4lineist\u00f6st\u00e4mme l\u00f6ytyy Froniuksen hitsauslaitteet, erilaisia s\u00e4rm\u00e4yspuristimia 150T:iin asti, mankeli, hienos\u00e4deplasma, levyleikkureita sek\u00e4 muuta.<br><br>N\u00e4iden ohella tuotantotiloistamme l\u00f6ytyy <strong>maalaukseen <\/strong>puhalluskammio sek\u00e4 l\u00e4mmitett\u00e4v\u00e4 uunikammio.<\/p>\n<\/div>\n<\/div>\n<\/div><\/div>\n\n\n\n<div class=\"wp-block-group alignfull has-white-background-color has-background is-layout-flow wp-block-group-is-layout-flow\"><div class=\"wp-block-group__inner-container\">\n<h2 class=\"has-text-align-center wp-block-heading\">Ty\u00f6st\u00f6koneet<\/h2>\n\n\n\n<div style=\"height:35px\" aria-hidden=\"true\" class=\"wp-block-spacer\"><\/div>\n\n\n\n<div class=\"wp-block-columns is-layout-flex wp-container-core-columns-is-layout-28f84493 wp-block-columns-is-layout-flex\">\n<div class=\"wp-block-column is-layout-flow wp-block-column-is-layout-flow\">\n<figure class=\"wp-block-image size-full\"><img loading=\"lazy\" decoding=\"async\" width=\"630\" height=\"472\" src=\"https:\/\/www.pirkanmaanlevytyo.fi\/wp-content\/uploads\/2021\/10\/dmu60.png\" alt=\"\" class=\"wp-image-236\" srcset=\"https:\/\/www.pirkanmaanlevytyo.fi\/wp-content\/uploads\/2021\/10\/dmu60.png 630w, https:\/\/www.pirkanmaanlevytyo.fi\/wp-content\/uploads\/2021\/10\/dmu60-300x225.png 300w\" sizes=\"auto, (max-width: 630px) 100vw, 630px\" \/><\/figure>\n<\/div>\n\n\n\n<div class=\"wp-block-column is-vertically-aligned-center is-layout-flow wp-block-column-is-layout-flow\">\n<h4 class=\"wp-block-heading\">DMG MORI DMU 60 eVo linear<\/h4>\n\n\n\n<p>5-akselinen keskus, jonka tarkkuus ja nopeus kelpaa l\u00e4\u00e4ketieteelliseen tuotantoty\u00f6h\u00f6n saakka.<\/p>\n\n\n\n<p><br>X: 600mm, Y: 500mm, Z: 500mm<br>Max kappaleen paino 400kg<br>P\u00f6yd\u00e4n halkaisija: 630mm<\/p>\n<\/div>\n<\/div>\n\n\n\n<div style=\"height:35px\" aria-hidden=\"true\" class=\"wp-block-spacer\"><\/div>\n\n\n\n<div class=\"wp-block-columns is-layout-flex wp-container-core-columns-is-layout-28f84493 wp-block-columns-is-layout-flex\">\n<div class=\"wp-block-column is-layout-flow wp-block-column-is-layout-flow\">\n<div class=\"wp-block-image\"><figure class=\"aligncenter size-full\"><img loading=\"lazy\" decoding=\"async\" width=\"392\" height=\"270\" src=\"https:\/\/www.pirkanmaanlevytyo.fi\/wp-content\/uploads\/2021\/10\/tos.jpg\" alt=\"\" class=\"wp-image-238\" srcset=\"https:\/\/www.pirkanmaanlevytyo.fi\/wp-content\/uploads\/2021\/10\/tos.jpg 392w, https:\/\/www.pirkanmaanlevytyo.fi\/wp-content\/uploads\/2021\/10\/tos-300x207.jpg 300w\" sizes=\"auto, (max-width: 392px) 100vw, 392px\" \/><\/figure><\/div>\n<\/div>\n\n\n\n<div class=\"wp-block-column is-vertically-aligned-center is-layout-flow wp-block-column-is-layout-flow\">\n<h4 class=\"wp-block-heading\">TOS WHQ 13 Avarruskone<\/h4>\n\n\n\n<p>Suuri aarpora horisontaalisella p\u00f6yd\u00e4ll\u00e4.<\/p>\n\n\n\n<p>X: 3500mm, Y: 2500mm, Z: 1250mm<br>Max kappaleen paino 12 000kg<\/p>\n<\/div>\n<\/div>\n\n\n\n<div style=\"height:35px\" aria-hidden=\"true\" class=\"wp-block-spacer\"><\/div>\n\n\n\n<div class=\"wp-block-columns is-layout-flex wp-container-core-columns-is-layout-28f84493 wp-block-columns-is-layout-flex\">\n<div class=\"wp-block-column is-layout-flow wp-block-column-is-layout-flow\">\n<figure class=\"wp-block-image size-full\"><img loading=\"lazy\" decoding=\"async\" width=\"653\" height=\"392\" src=\"https:\/\/www.pirkanmaanlevytyo.fi\/wp-content\/uploads\/2021\/10\/wia2.png\" alt=\"\" class=\"wp-image-237\" srcset=\"https:\/\/www.pirkanmaanlevytyo.fi\/wp-content\/uploads\/2021\/10\/wia2.png 653w, https:\/\/www.pirkanmaanlevytyo.fi\/wp-content\/uploads\/2021\/10\/wia2-300x180.png 300w\" sizes=\"auto, (max-width: 653px) 100vw, 653px\" \/><\/figure>\n<\/div>\n\n\n\n<div class=\"wp-block-column is-vertically-aligned-center is-layout-flow wp-block-column-is-layout-flow\">\n<h4 class=\"wp-block-heading\">Hyundai Wia LM 1800TTSY + tankoautomaatti Top Automazione X-Files<br><\/h4>\n\n\n\n<p><\/p>\n\n\n\n<p>X=230mm, Z=700mm, tankokapasiteetti, molemmat karat D65mm<\/p>\n<\/div>\n<\/div>\n\n\n\n<div style=\"height:35px\" aria-hidden=\"true\" class=\"wp-block-spacer\"><\/div>\n\n\n\n<div class=\"wp-block-columns is-layout-flex wp-container-core-columns-is-layout-28f84493 wp-block-columns-is-layout-flex\">\n<div class=\"wp-block-column is-layout-flow wp-block-column-is-layout-flow\">\n<div class=\"wp-block-image\"><figure class=\"aligncenter size-full\"><img loading=\"lazy\" decoding=\"async\" width=\"400\" height=\"289\" src=\"https:\/\/www.pirkanmaanlevytyo.fi\/wp-content\/uploads\/2021\/10\/mazak.jpg\" alt=\"\" class=\"wp-image-240\" srcset=\"https:\/\/www.pirkanmaanlevytyo.fi\/wp-content\/uploads\/2021\/10\/mazak.jpg 400w, https:\/\/www.pirkanmaanlevytyo.fi\/wp-content\/uploads\/2021\/10\/mazak-300x217.jpg 300w\" sizes=\"auto, (max-width: 400px) 100vw, 400px\" \/><\/figure><\/div>\n<\/div>\n\n\n\n<div class=\"wp-block-column is-vertically-aligned-center is-layout-flow wp-block-column-is-layout-flow\">\n<h4 class=\"wp-block-heading\">Mazak QuickSmart 250 + Yaskawa-robottisolu<\/h4>\n\n\n\n<p><\/p>\n\n\n\n<p>X=360mm, Z=1016mm, D80 karaputki, py\u00f6riv\u00e4t ty\u00f6kalut<\/p>\n<\/div>\n<\/div>\n\n\n\n<div style=\"height:35px\" aria-hidden=\"true\" class=\"wp-block-spacer\"><\/div>\n\n\n\n<div class=\"wp-block-columns is-layout-flex wp-container-core-columns-is-layout-28f84493 wp-block-columns-is-layout-flex\">\n<div class=\"wp-block-column is-layout-flow wp-block-column-is-layout-flow\">\n<div class=\"wp-block-image\"><figure class=\"aligncenter size-full\"><img loading=\"lazy\" decoding=\"async\" width=\"700\" height=\"410\" src=\"https:\/\/www.pirkanmaanlevytyo.fi\/wp-content\/uploads\/2021\/10\/2600L.jpg\" alt=\"\" class=\"wp-image-242\" srcset=\"https:\/\/www.pirkanmaanlevytyo.fi\/wp-content\/uploads\/2021\/10\/2600L.jpg 700w, https:\/\/www.pirkanmaanlevytyo.fi\/wp-content\/uploads\/2021\/10\/2600L-300x176.jpg 300w\" sizes=\"auto, (max-width: 700px) 100vw, 700px\" \/><\/figure><\/div>\n<\/div>\n\n\n\n<div class=\"wp-block-column is-vertically-aligned-center is-layout-flow wp-block-column-is-layout-flow\">\n<h4 class=\"wp-block-heading\">Doosan Puma 2600LM<\/h4>\n\n\n\n<p><\/p>\n\n\n\n<p>X=406mm, Z=1280mm, D80 karaputki, py\u00f6riv\u00e4t ty\u00f6kalut<\/p>\n<\/div>\n<\/div>\n\n\n\n<div style=\"height:35px\" aria-hidden=\"true\" class=\"wp-block-spacer\"><\/div>\n\n\n\n<div class=\"wp-block-columns is-layout-flex wp-container-core-columns-is-layout-28f84493 wp-block-columns-is-layout-flex\">\n<div class=\"wp-block-column is-layout-flow wp-block-column-is-layout-flow\">\n<div class=\"wp-block-image\"><figure class=\"aligncenter size-full\"><img loading=\"lazy\" decoding=\"async\" width=\"600\" height=\"450\" src=\"https:\/\/www.pirkanmaanlevytyo.fi\/wp-content\/uploads\/2021\/10\/480m.jpg\" alt=\"\" class=\"wp-image-241\" srcset=\"https:\/\/www.pirkanmaanlevytyo.fi\/wp-content\/uploads\/2021\/10\/480m.jpg 600w, https:\/\/www.pirkanmaanlevytyo.fi\/wp-content\/uploads\/2021\/10\/480m-300x225.jpg 300w\" sizes=\"auto, (max-width: 600px) 100vw, 600px\" \/><\/figure><\/div>\n<\/div>\n\n\n\n<div class=\"wp-block-column is-vertically-aligned-center is-layout-flow wp-block-column-is-layout-flow\">\n<h4 class=\"wp-block-heading\">Doosan Puma 480M<\/h4>\n\n\n\n<p><\/p>\n\n\n\n<p>X=630mm, Z=800mm, D160 karaputki, py\u00f6riv\u00e4t ty\u00f6kalut<br><\/p>\n<\/div>\n<\/div>\n\n\n\n<div style=\"height:35px\" aria-hidden=\"true\" class=\"wp-block-spacer\"><\/div>\n\n\n\n<div class=\"wp-block-columns is-layout-flex wp-container-core-columns-is-layout-28f84493 wp-block-columns-is-layout-flex\">\n<div class=\"wp-block-column is-layout-flow wp-block-column-is-layout-flow\">\n<div class=\"wp-block-image\"><figure class=\"aligncenter size-full\"><img loading=\"lazy\" decoding=\"async\" width=\"1024\" height=\"576\" src=\"https:\/\/www.pirkanmaanlevytyo.fi\/wp-content\/uploads\/2022\/01\/mas.jpg\" alt=\"\" class=\"wp-image-450\" srcset=\"https:\/\/www.pirkanmaanlevytyo.fi\/wp-content\/uploads\/2022\/01\/mas.jpg 1024w, https:\/\/www.pirkanmaanlevytyo.fi\/wp-content\/uploads\/2022\/01\/mas-300x169.jpg 300w, https:\/\/www.pirkanmaanlevytyo.fi\/wp-content\/uploads\/2022\/01\/mas-768x432.jpg 768w\" sizes=\"auto, (max-width: 1024px) 100vw, 1024px\" \/><\/figure><\/div>\n<\/div>\n\n\n\n<div class=\"wp-block-column is-vertically-aligned-center is-layout-flow wp-block-column-is-layout-flow\">\n<h4 class=\"wp-block-heading\">MAS MCV 1016<\/h4>\n\n\n\n<p><\/p>\n\n\n\n<p>X=1016mm, Y=610mm, Z=710mm<br>Max paino p\u00f6yd\u00e4ll\u00e4 700kg<br>Max kappale 1300x600mm<br><\/p>\n<\/div>\n<\/div>\n\n\n\n<div style=\"height:35px\" aria-hidden=\"true\" class=\"wp-block-spacer\"><\/div>\n\n\n\n<h2 class=\"has-text-align-center wp-block-heading\">Levyjen k\u00e4sittely ja hitsaus<\/h2>\n\n\n\n<div style=\"height:35px\" aria-hidden=\"true\" class=\"wp-block-spacer\"><\/div>\n\n\n\n<div class=\"wp-block-columns is-layout-flex wp-container-core-columns-is-layout-28f84493 wp-block-columns-is-layout-flex\">\n<div class=\"wp-block-column is-layout-flow wp-block-column-is-layout-flow\">\n<div class=\"wp-block-image\"><figure class=\"aligncenter size-full\"><img loading=\"lazy\" decoding=\"async\" width=\"400\" height=\"289\" src=\"https:\/\/www.pirkanmaanlevytyo.fi\/wp-content\/uploads\/2022\/01\/byst.jpg\" alt=\"\" class=\"wp-image-451\" srcset=\"https:\/\/www.pirkanmaanlevytyo.fi\/wp-content\/uploads\/2022\/01\/byst.jpg 400w, https:\/\/www.pirkanmaanlevytyo.fi\/wp-content\/uploads\/2022\/01\/byst-300x217.jpg 300w\" sizes=\"auto, (max-width: 400px) 100vw, 400px\" \/><\/figure><\/div>\n<\/div>\n\n\n\n<div class=\"wp-block-column is-vertically-aligned-center is-layout-flow wp-block-column-is-layout-flow\">\n<h4 class=\"wp-block-heading\">Bystronic Xpert 2016<\/h4>\n\n\n\n<p><\/p>\n\n\n\n<p>400T\/4m<br><\/p>\n<\/div>\n<\/div>\n\n\n\n<div style=\"height:35px\" aria-hidden=\"true\" class=\"wp-block-spacer\"><\/div>\n\n\n\n<div class=\"wp-block-columns is-layout-flex wp-container-core-columns-is-layout-28f84493 wp-block-columns-is-layout-flex\">\n<div class=\"wp-block-column is-layout-flow wp-block-column-is-layout-flow\">\n<div class=\"wp-block-image\"><figure class=\"aligncenter size-full\"><img loading=\"lazy\" decoding=\"async\" width=\"400\" height=\"289\" src=\"https:\/\/www.pirkanmaanlevytyo.fi\/wp-content\/uploads\/2022\/01\/amada2.png\" alt=\"\" class=\"wp-image-452\" srcset=\"https:\/\/www.pirkanmaanlevytyo.fi\/wp-content\/uploads\/2022\/01\/amada2.png 400w, https:\/\/www.pirkanmaanlevytyo.fi\/wp-content\/uploads\/2022\/01\/amada2-300x217.png 300w\" sizes=\"auto, (max-width: 400px) 100vw, 400px\" \/><\/figure><\/div>\n<\/div>\n\n\n\n<div class=\"wp-block-column is-vertically-aligned-center is-layout-flow wp-block-column-is-layout-flow\">\n<h4 class=\"wp-block-heading\">Amada HFE M2<\/h4>\n\n\n\n<p><\/p>\n\n\n\n<p>50T\/1.5m<br><\/p>\n<\/div>\n<\/div>\n\n\n\n<div style=\"height:35px\" aria-hidden=\"true\" class=\"wp-block-spacer\"><\/div>\n\n\n\n<div class=\"wp-block-columns is-layout-flex wp-container-core-columns-is-layout-28f84493 wp-block-columns-is-layout-flex\">\n<div class=\"wp-block-column is-layout-flow wp-block-column-is-layout-flow\">\n<div class=\"wp-block-image\"><figure class=\"aligncenter size-full\"><img loading=\"lazy\" decoding=\"async\" width=\"400\" height=\"290\" src=\"https:\/\/www.pirkanmaanlevytyo.fi\/wp-content\/uploads\/2022\/01\/motoman.jpg\" alt=\"\" class=\"wp-image-453\" srcset=\"https:\/\/www.pirkanmaanlevytyo.fi\/wp-content\/uploads\/2022\/01\/motoman.jpg 400w, https:\/\/www.pirkanmaanlevytyo.fi\/wp-content\/uploads\/2022\/01\/motoman-300x218.jpg 300w\" sizes=\"auto, (max-width: 400px) 100vw, 400px\" \/><\/figure><\/div>\n<\/div>\n\n\n\n<div class=\"wp-block-column is-vertically-aligned-center is-layout-flow wp-block-column-is-layout-flow\">\n<h4 class=\"wp-block-heading\">Motoman EA1900 hitsausrobotti<\/h4>\n\n\n\n<p><\/p>\n\n\n\n<p>kaksiasemainen k\u00e4sittelylaite (1000kg\/paikka)<br><\/p>\n<\/div>\n<\/div>\n\n\n\n<div style=\"height:35px\" aria-hidden=\"true\" class=\"wp-block-spacer\"><\/div>\n\n\n\n<div class=\"wp-block-columns is-layout-flex wp-container-core-columns-is-layout-28f84493 wp-block-columns-is-layout-flex\">\n<div class=\"wp-block-column is-layout-flow wp-block-column-is-layout-flow\">\n<div class=\"wp-block-image\"><figure class=\"aligncenter size-full\"><img loading=\"lazy\" decoding=\"async\" width=\"400\" height=\"290\" src=\"https:\/\/www.pirkanmaanlevytyo.fi\/wp-content\/uploads\/2022\/01\/plasma.jpg\" alt=\"\" class=\"wp-image-454\" srcset=\"https:\/\/www.pirkanmaanlevytyo.fi\/wp-content\/uploads\/2022\/01\/plasma.jpg 400w, https:\/\/www.pirkanmaanlevytyo.fi\/wp-content\/uploads\/2022\/01\/plasma-300x218.jpg 300w\" sizes=\"auto, (max-width: 400px) 100vw, 400px\" \/><\/figure><\/div>\n<\/div>\n\n\n\n<div class=\"wp-block-column is-vertically-aligned-center is-layout-flow wp-block-column-is-layout-flow\">\n<h4 class=\"wp-block-heading\">Thermcut hienos\u00e4deplasma<\/h4>\n\n\n\n<p><\/p>\n\n\n\n<p>Leikkuuala X=2000mm, Y=6000mm<br><\/p>\n<\/div>\n<\/div>\n\n\n\n<div style=\"height:35px\" aria-hidden=\"true\" class=\"wp-block-spacer\"><\/div>\n\n\n\n<div class=\"wp-block-columns is-layout-flex wp-container-core-columns-is-layout-28f84493 wp-block-columns-is-layout-flex\">\n<div class=\"wp-block-column is-layout-flow wp-block-column-is-layout-flow\">\n<div class=\"wp-block-image\"><figure class=\"aligncenter size-full\"><img loading=\"lazy\" decoding=\"async\" width=\"306\" height=\"241\" src=\"https:\/\/www.pirkanmaanlevytyo.fi\/wp-content\/uploads\/2022\/01\/kasto.png\" alt=\"\" class=\"wp-image-455\" srcset=\"https:\/\/www.pirkanmaanlevytyo.fi\/wp-content\/uploads\/2022\/01\/kasto.png 306w, https:\/\/www.pirkanmaanlevytyo.fi\/wp-content\/uploads\/2022\/01\/kasto-300x236.png 300w\" sizes=\"auto, (max-width: 306px) 100vw, 306px\" \/><\/figure><\/div>\n<\/div>\n\n\n\n<div class=\"wp-block-column is-vertically-aligned-center is-layout-flow wp-block-column-is-layout-flow\">\n<h4 class=\"wp-block-heading\">Kasto KASTOtwin A2<\/h4>\n\n\n\n<p><\/p>\n\n\n\n<p>CNC-saha<br><\/p>\n<\/div>\n<\/div>\n\n\n\n<div style=\"height:35px\" aria-hidden=\"true\" class=\"wp-block-spacer\"><\/div>\n\n\n\n<div class=\"wp-block-columns alignwide is-layout-flex wp-container-core-columns-is-layout-28f84493 wp-block-columns-is-layout-flex\">\n<div class=\"wp-block-column is-layout-flow wp-block-column-is-layout-flow\"><\/div>\n<\/div>\n\n\n\n<div class=\"wp-block-columns alignwide is-layout-flex wp-container-core-columns-is-layout-28f84493 wp-block-columns-is-layout-flex\">\n<div class=\"wp-block-column is-layout-flow wp-block-column-is-layout-flow\"><\/div>\n\n\n\n<div class=\"wp-block-column is-layout-flow wp-block-column-is-layout-flow\"><\/div>\n<\/div>\n<\/div><\/div>\n\n\n\n<div class=\"wp-block-group alignfull has-ast-global-color-7-background-color has-background is-layout-flow wp-block-group-is-layout-flow\"><div class=\"wp-block-group__inner-container\">\n<div class=\"wp-block-columns alignfull are-vertically-aligned-center is-layout-flex wp-container-core-columns-is-layout-28f84493 wp-block-columns-is-layout-flex\">\n<div class=\"wp-block-column is-vertically-aligned-center is-layout-flow wp-block-column-is-layout-flow\" style=\"flex-basis:66.66%\">\n<h3 class=\"has-text-align-left wp-block-heading\">Haluatko tiet\u00e4\u00e4 lis\u00e4\u00e4 konekannastamme? Kysy lis\u00e4\u00e4!<\/h3>\n<\/div>\n\n\n\n<div class=\"wp-block-column is-vertically-aligned-center is-layout-flow wp-block-column-is-layout-flow\" style=\"flex-basis:33.33%\">\n<div class=\"wp-block-buttons is-horizontal is-content-justification-center is-layout-flex wp-container-core-buttons-is-layout-03627597 wp-block-buttons-is-layout-flex\">\n<div class=\"wp-block-button\"><a class=\"wp-block-button__link\" href=\"https:\/\/www.pirkanmaanlevytyo.fi\/?page_id=12\">Yhteystiedot<\/a><\/div>\n<\/div>\n<\/div>\n<\/div>\n<\/div><\/div>\n","protected":false},"excerpt":{"rendered":"<p>Vaativiin alihankintat\u00f6ihin Moderni konekanta Olemme panostaneet jatkuvasti konekantaamme, toimintamme alusta pit\u00e4en. Modernit CNC-ohjatut ja huolellisesti valittujen yhteisty\u00f6kumppaneidemme huoltamat koneemme pystyv\u00e4t valmistamaan vaaditut alihankintaty\u00f6t aina l\u00e4\u00e4ketieteelliseen tuotantoty\u00f6h\u00f6n saakka. Koneistukseen meilt\u00e4 l\u00f6ytyy CNC-ohjattuja sorveja robotiikalla, 5-akselijyrsin, aarpora sek\u00e4 tusina muuta tuotantov\u00e4linett\u00e4. Levyjen k\u00e4sittelyyn ja hitsaukseen v\u00e4lineist\u00f6st\u00e4mme l\u00f6ytyy Froniuksen hitsauslaitteet, erilaisia s\u00e4rm\u00e4yspuristimia 150T:iin asti, mankeli, hienos\u00e4deplasma, levyleikkureita sek\u00e4 [&hellip;]<\/p>\n","protected":false},"author":1,"featured_media":0,"parent":0,"menu_order":0,"comment_status":"closed","ping_status":"closed","template":"","meta":{"site-sidebar-layout":"no-sidebar","site-content-layout":"plain-container","ast-site-content-layout":"default","site-content-style":"default","site-sidebar-style":"default","ast-global-header-display":"","ast-banner-title-visibility":"","ast-main-header-display":"","ast-hfb-above-header-display":"","ast-hfb-below-header-display":"","ast-hfb-mobile-header-display":"","site-post-title":"disabled","ast-breadcrumbs-content":"","ast-featured-img":"disabled","footer-sml-layout":"","ast-disable-related-posts":"","theme-transparent-header-meta":"enabled","adv-header-id-meta":"","stick-header-meta":"","header-above-stick-meta":"","header-main-stick-meta":"","header-below-stick-meta":"","astra-migrate-meta-layouts":"default","ast-page-background-enabled":"default","ast-page-background-meta":{"desktop":{"background-color":"","background-image":"","background-repeat":"repeat","background-position":"center center","background-size":"auto","background-attachment":"scroll","background-type":"","background-media":"","overlay-type":"","overlay-color":"","overlay-opacity":"","overlay-gradient":""},"tablet":{"background-color":"","background-image":"","background-repeat":"repeat","background-position":"center center","background-size":"auto","background-attachment":"scroll","background-type":"","background-media":"","overlay-type":"","overlay-color":"","overlay-opacity":"","overlay-gradient":""},"mobile":{"background-color":"","background-image":"","background-repeat":"repeat","background-position":"center center","background-size":"auto","background-attachment":"scroll","background-type":"","background-media":"","overlay-type":"","overlay-color":"","overlay-opacity":"","overlay-gradient":""}},"ast-content-background-meta":{"desktop":{"background-color":"var(--ast-global-color-5)","background-image":"","background-repeat":"repeat","background-position":"center center","background-size":"auto","background-attachment":"scroll","background-type":"","background-media":"","overlay-type":"","overlay-color":"","overlay-opacity":"","overlay-gradient":""},"tablet":{"background-color":"var(--ast-global-color-5)","background-image":"","background-repeat":"repeat","background-position":"center center","background-size":"auto","background-attachment":"scroll","background-type":"","background-media":"","overlay-type":"","overlay-color":"","overlay-opacity":"","overlay-gradient":""},"mobile":{"background-color":"var(--ast-global-color-5)","background-image":"","background-repeat":"repeat","background-position":"center center","background-size":"auto","background-attachment":"scroll","background-type":"","background-media":"","overlay-type":"","overlay-color":"","overlay-opacity":"","overlay-gradient":""}},"footnotes":""},"class_list":["post-11","page","type-page","status-publish","hentry"],"_links":{"self":[{"href":"https:\/\/www.pirkanmaanlevytyo.fi\/index.php?rest_route=\/wp\/v2\/pages\/11","targetHints":{"allow":["GET"]}}],"collection":[{"href":"https:\/\/www.pirkanmaanlevytyo.fi\/index.php?rest_route=\/wp\/v2\/pages"}],"about":[{"href":"https:\/\/www.pirkanmaanlevytyo.fi\/index.php?rest_route=\/wp\/v2\/types\/page"}],"author":[{"embeddable":true,"href":"https:\/\/www.pirkanmaanlevytyo.fi\/index.php?rest_route=\/wp\/v2\/users\/1"}],"replies":[{"embeddable":true,"href":"https:\/\/www.pirkanmaanlevytyo.fi\/index.php?rest_route=%2Fwp%2Fv2%2Fcomments&post=11"}],"version-history":[{"count":15,"href":"https:\/\/www.pirkanmaanlevytyo.fi\/index.php?rest_route=\/wp\/v2\/pages\/11\/revisions"}],"predecessor-version":[{"id":632,"href":"https:\/\/www.pirkanmaanlevytyo.fi\/index.php?rest_route=\/wp\/v2\/pages\/11\/revisions\/632"}],"wp:attachment":[{"href":"https:\/\/www.pirkanmaanlevytyo.fi\/index.php?rest_route=%2Fwp%2Fv2%2Fmedia&parent=11"}],"curies":[{"name":"wp","href":"https:\/\/api.w.org\/{rel}","templated":true}]}}